{"id":33,"date":"2023-11-04T14:50:26","date_gmt":"2023-11-04T14:50:26","guid":{"rendered":"https:\/\/ichap.cl\/?page_id=33"},"modified":"2025-11-20T13:47:05","modified_gmt":"2025-11-20T13:47:05","slug":"socio-as","status":"publish","type":"page","link":"https:\/\/ichap.cl\/index.php\/socio-as\/","title":{"rendered":"Socio\/as"},"content":{"rendered":"\t\t<div data-elementor-type=\"wp-page\" data-elementor-id=\"33\" class=\"elementor elementor-33\">\n\t\t\t\t\t\t\t<div class=\"elementor-element elementor-element-57af0fe e-con-full e-flex e-con e-parent\" data-id=\"57af0fe\" data-element_type=\"container\" data-settings=\"{&quot;content_width&quot;:&quot;full&quot;}\" data-core-v316-plus=\"true\">\n\t\t\t\t<div class=\"elementor-element elementor-element-a23bcd9 elementor-widget elementor-widget-heading\" data-id=\"a23bcd9\" data-element_type=\"widget\" data-widget_type=\"heading.default\">\n\t\t\t\t<div class=\"elementor-widget-container\">\n\t\t\t<style>\/*! elementor - v3.17.0 - 08-11-2023 *\/\n.elementor-heading-title{padding:0;margin:0;line-height:1}.elementor-widget-heading .elementor-heading-title[class*=elementor-size-]>a{color:inherit;font-size:inherit;line-height:inherit}.elementor-widget-heading .elementor-heading-title.elementor-size-small{font-size:15px}.elementor-widget-heading .elementor-heading-title.elementor-size-medium{font-size:19px}.elementor-widget-heading .elementor-heading-title.elementor-size-large{font-size:29px}.elementor-widget-heading .elementor-heading-title.elementor-size-xl{font-size:39px}.elementor-widget-heading .elementor-heading-title.elementor-size-xxl{font-size:59px}<\/style><h2 class=\"elementor-heading-title elementor-size-default\">Socios\/as  Fundadores<\/h2>\t\t<\/div>\n\t\t\t\t<\/div>\n\t\t\t\t<div class=\"elementor-element elementor-element-425cb50 elementor-widget__width-initial elementor-widget elementor-widget-image\" data-id=\"425cb50\" data-element_type=\"widget\" data-widget_type=\"image.default\">\n\t\t\t\t<div class=\"elementor-widget-container\">\n\t\t\t<style>\/*! elementor - v3.17.0 - 08-11-2023 *\/\n.elementor-widget-image{text-align:center}.elementor-widget-image a{display:inline-block}.elementor-widget-image a img[src$=\".svg\"]{width:48px}.elementor-widget-image img{vertical-align:middle;display:inline-block}<\/style>\t\t\t\t\t\t\t\t\t\t\t\t<img decoding=\"async\" width=\"100\" height=\"100\" src=\"https:\/\/ichap.cl\/wp-content\/uploads\/2023\/11\/icon-11.png\" class=\"attachment-thumbnail size-thumbnail wp-image-875\" alt=\"\" \/>\t\t\t\t\t\t\t\t\t\t\t\t\t\t\t<\/div>\n\t\t\t\t<\/div>\n\t\t\t\t<\/div>\n\t\t<div class=\"elementor-element elementor-element-535343f e-con-full e-flex e-con e-parent\" data-id=\"535343f\" data-element_type=\"container\" data-settings=\"{&quot;content_width&quot;:&quot;full&quot;}\" data-core-v316-plus=\"true\">\n\t\t<div class=\"elementor-element elementor-element-26f6c78 e-con-full e-flex e-con e-child\" data-id=\"26f6c78\" data-element_type=\"container\" data-settings=\"{&quot;content_width&quot;:&quot;full&quot;}\">\n\t\t<div class=\"elementor-element elementor-element-c718461 e-con-full e-flex e-con e-child\" data-id=\"c718461\" data-element_type=\"container\" data-settings=\"{&quot;content_width&quot;:&quot;full&quot;}\">\n\t\t\t\t<div class=\"elementor-element elementor-element-940a81b elementor-widget__width-initial elementor-widget elementor-widget-text-editor\" data-id=\"940a81b\" data-element_type=\"widget\" data-widget_type=\"text-editor.default\">\n\t\t\t\t<div class=\"elementor-widget-container\">\n\t\t\t<style>\/*! elementor - v3.17.0 - 08-11-2023 *\/\n.elementor-widget-text-editor.elementor-drop-cap-view-stacked .elementor-drop-cap{background-color:#69727d;color:#fff}.elementor-widget-text-editor.elementor-drop-cap-view-framed .elementor-drop-cap{color:#69727d;border:3px solid;background-color:transparent}.elementor-widget-text-editor:not(.elementor-drop-cap-view-default) .elementor-drop-cap{margin-top:8px}.elementor-widget-text-editor:not(.elementor-drop-cap-view-default) .elementor-drop-cap-letter{width:1em;height:1em}.elementor-widget-text-editor .elementor-drop-cap{float:left;text-align:center;line-height:1;font-size:50px}.elementor-widget-text-editor .elementor-drop-cap-letter{display:inline-block}<\/style>\t\t\t\t<table width=\"629\"><tbody><tr><td width=\"231\"><center><strong><strong>Marta Alicia Viveros Letelier<\/strong><\/strong><center><\/center><\/center><\/td><td width=\"202\"><center><strong>Teodoro Fern\u00e1ndez Larra\u00f1aga<\/strong><center><\/center><\/center><\/td><td width=\"196\"><center><strong>Myriam Beach<\/strong><center><\/center><\/center><\/td><\/tr><tr><td width=\"231\"><center><strong>Hilda Carmona Low<\/strong><\/center><\/td><td width=\"202\"><center><strong>Cristina Felsenhardt Rosen<\/strong><center><\/center><\/center><\/td><td width=\"196\"><center><strong>Elizabeth Huyghe Rochette<\/strong><center><\/center><\/center><\/td><\/tr><tr><td width=\"231\"><center><strong>Liliana Mar\u00eda Lanata Macchi\u00a0<\/strong><\/center><\/td><td width=\"202\"><center><strong>Alberto Soffia Garc\u00eda de la Huerta<\/strong><center><\/center><\/center><\/td><td width=\"196\"><center><strong>Mario P\u00e9rez de Arce Antoncich<\/strong><\/center><\/td><\/tr><tr><td width=\"231\"><center><strong>Juan Crist\u00f3bal Edwards Prado<\/strong><\/center><\/td><td>\u00a0<\/td><td>\u00a0<\/td><\/tr><\/tbody><\/table>\t\t\t\t\t\t<\/div>\n\t\t\t\t<\/div>\n\t\t\t\t<\/div>\n\t\t\t\t<\/div>\n\t\t\t\t<\/div>\n\t\t<div class=\"elementor-element elementor-element-9b5adad e-con-full e-flex e-con e-parent\" data-id=\"9b5adad\" data-element_type=\"container\" data-settings=\"{&quot;content_width&quot;:&quot;full&quot;}\" data-core-v316-plus=\"true\">\n\t\t\t\t<div class=\"elementor-element elementor-element-981c733 elementor-widget elementor-widget-heading\" data-id=\"981c733\" data-element_type=\"widget\" data-widget_type=\"heading.default\">\n\t\t\t\t<div class=\"elementor-widget-container\">\n\t\t\t<h2 class=\"elementor-heading-title elementor-size-default\">Socio\/as<\/h2>\t\t<\/div>\n\t\t\t\t<\/div>\n\t\t\t\t<div class=\"elementor-element elementor-element-3aa0f19 elementor-widget elementor-widget-image\" data-id=\"3aa0f19\" data-element_type=\"widget\" data-widget_type=\"image.default\">\n\t\t\t\t<div class=\"elementor-widget-container\">\n\t\t\t\t\t\t\t\t\t\t\t\t\t\t\t<img decoding=\"async\" width=\"100\" height=\"100\" src=\"https:\/\/ichap.cl\/wp-content\/uploads\/2023\/11\/icon-22.png\" class=\"attachment-large size-large wp-image-952\" alt=\"\" \/>\t\t\t\t\t\t\t\t\t\t\t\t\t\t\t<\/div>\n\t\t\t\t<\/div>\n\t\t\t\t<\/div>\n\t\t<div class=\"elementor-element elementor-element-c602ee1 e-con-full e-flex e-con e-parent\" data-id=\"c602ee1\" data-element_type=\"container\" data-settings=\"{&quot;content_width&quot;:&quot;full&quot;}\" data-core-v316-plus=\"true\">\n\t\t<div class=\"elementor-element elementor-element-cba5a83 e-con-full e-flex e-con e-child\" data-id=\"cba5a83\" data-element_type=\"container\" data-settings=\"{&quot;content_width&quot;:&quot;full&quot;}\">\n\t\t<div class=\"elementor-element elementor-element-5bff67f e-con-full e-flex e-con e-child\" data-id=\"5bff67f\" data-element_type=\"container\" data-settings=\"{&quot;content_width&quot;:&quot;full&quot;}\">\n\t\t<div class=\"elementor-element elementor-element-a19219d e-con-full e-flex e-con e-child\" data-id=\"a19219d\" data-element_type=\"container\" data-settings=\"{&quot;content_width&quot;:&quot;full&quot;}\">\n\t\t\t\t<div class=\"elementor-element elementor-element-eb40552 elementor-widget__width-initial elementor-widget elementor-widget-text-editor\" data-id=\"eb40552\" data-element_type=\"widget\" data-widget_type=\"text-editor.default\">\n\t\t\t\t<div class=\"elementor-widget-container\">\n\t\t\t\t\t\t\t<p>\u00a0<\/p><table style=\"height: 1064px;\" width=\"757\"><tbody><tr><td width=\"212\"><center><strong>Mar\u00eda Isabel\u00a0 Alonso Fern\u00e1ndez\u00a0<\/strong><\/center><center>todopaisajechile@gmail.com<\/center><\/td><td width=\"212\"><center><strong>Jes\u00fas\u00a0 Belmonte<\/strong><\/center><center>jesusbelmonte1@gmail.com<\/center><\/td><td width=\"212\"><center><strong>Gabriela\u00a0 Bluhm Mandel<\/strong><\/center><center>bluhm.gabriela@gmail.com<\/center><\/td><\/tr><tr><td width=\"212\"><center><strong>Juan Patricio C\u00e1ceres Torres<\/strong><\/center><center>jpcaceres@paisajevivo.cl<\/center><center>www.juanpatriciocaceres.cl<\/center><\/td><td width=\"212\"><center><strong>Mar\u00eda Teresa\u00a0 De la Barra Ca\u00f1as<\/strong><\/center><center>terelandarch@gmail.com<\/center><\/td><td width=\"212\"><center><strong>Pamela\u00a0 Jarpa<\/strong><\/center><center>pamelajarpa@gmail.com<\/center><\/td><\/tr><tr><td width=\"212\"><center><strong>Daniela\u00a0 Lehner\u00a0<\/strong><\/center><center>lehner.dnl@gmail.com<\/center><\/td><td width=\"212\"><center><strong>Pilar Amparo\u00a0 Lozano Navarro\u00a0<\/strong><\/center><center>pilarlozano.paisajismo@gmail.com<\/center><\/td><td width=\"212\"><center><strong>Beatriz\u00a0 Majluf<\/strong><\/center><center>beatriz.majluf@gmail.com<\/center><\/td><\/tr><tr><td width=\"212\"><center><strong>Paulina\u00a0 M\u00e1rquez\u00a0<\/strong><\/center><\/td><td width=\"212\"><center><strong>M\u00f3nica\u00a0\u00a0 Morales<\/strong><\/center><center>monicamorales.paisajista@gmail.com<\/center><\/td><td width=\"212\"><center><strong>Gabriela\u00a0\u00a0 Mu\u00f1oz Haag<\/strong><\/center><center>gabrielam@urbanplay.cl<\/center><\/td><\/tr><tr><td width=\"212\"><center><strong>Claudia\u00a0 O\u00f1ate Pechini<\/strong><\/center><center>claudia.copaisajismo@gmail.com<\/center><\/td><td width=\"212\"><center><strong>M\u00f3nica\u00a0 Palma Vergara<\/strong><\/center><center>consultorapaisaje@hotmail.com<\/center><\/td><td width=\"212\"><center><strong>Cecilia\u00a0 Rencoret\u00a0<\/strong><\/center><center>cecilia@ryrarquitectos.cl<\/center><\/td><\/tr><tr><td width=\"212\"><center><strong>Ricardo\u00a0 Riveros Celis<\/strong><\/center><center>ricardoriveroscelis@gmail.com<\/center><\/td><td width=\"212\"><center><strong>Mitzi\u00a0 Rojas Mu\u00f1oz\u00a0<\/strong><\/center><center>mitzirojas@bordemarstudio.cl<\/center><\/td><td width=\"212\"><center><strong>Carla\u00a0 Ruttimann\u00a0<\/strong><\/center><center>carlaruttimann@gmail.com<\/center><\/td><\/tr><tr><td width=\"212\"><center><strong>Miguel Garc\u00eda<\/strong><\/center><center>mgarcia@bsg.cl<\/center><\/td><td width=\"212\"><center><strong>Mar\u00eda Isabel\u00a0 Fuentes Marcel<\/strong><\/center><center>misabelfuentesm@gmail.com<\/center><\/td><td width=\"212\"><center><strong>Osvaldo\u00a0 Moreno Flores<\/strong><\/center><center>omorenof@uc.cl<\/center><\/td><\/tr><tr><td width=\"212\"><center><strong>Gabriel Alejandro\u00a0 Acu\u00f1a Hern\u00e1ndez\u00a0<\/strong><\/center><center>gabriel.landscapelab@gmail.com<\/center><\/td><td width=\"212\"><center><strong>Rodrigo Fernando Guevara Le\u00f3n<\/strong><\/center><center>rguevaral@gmail.com<\/center><\/td><td width=\"212\"><center><strong>Mar\u00eda Teresa Santana Latorre<\/strong><\/center><center>terepaisajista@gmail.com<\/center><\/td><\/tr><tr><td width=\"212\"><center><strong>Paula Villagra<\/strong><\/center><center>paula.villagra@uach.com<\/center><\/td><td width=\"212\"><center><strong>Magdalena Barros\u00a0<\/strong><\/center><center>\u00a0 magdalena.abrespacio@gmail.com<\/center><center>www.abrespacio.cl<\/center><\/td><td width=\"212\"><center><strong>Alejandra\u00a0 Rosati<\/strong><\/center><center>alejandra.rosati@gmail.com<\/center><\/td><\/tr><tr><td width=\"212\"><center><strong>B\u00e1rbara Elizabeth Jorquera D\u00edaz<\/strong><\/center><center>barbara.jorquera.diaz@gmail.com<\/center><\/td><td width=\"212\"><center><strong>Felipe Antonio Ampuero Cort\u00e9s<\/strong><\/center><center>feliponampuero@gmail.com\u00a0<\/center><\/td><td width=\"212\"><center><strong>Claudia\u00a0 Crovetto Chadid\u00a0<\/strong><\/center><center>claudia@landskap.cl<\/center><\/td><\/tr><tr><td width=\"212\"><center><strong>Carmen Luz Hermosilla<\/strong><\/center><center>carmenluzhermosilla@gmail.com<\/center><\/td><td width=\"212\"><center><strong>Gloria Caica Vergara\u00a0<\/strong><\/center><center>caica.gloria@gmail.com<\/center><\/td><td width=\"212\"><center><strong>Paula Rodr\u00edguez-Pe\u00f1a<\/strong><\/center><center>arbolaria@gmail.com\u00a0<\/center><\/td><\/tr><tr><td width=\"212\"><center><strong>Crist\u00f3bal Espinosa Urriola<\/strong><\/center><center>cristobalespinoza@ug.chile.cl<\/center><\/td><td width=\"212\"><center><strong>Nieves Balbont\u00edn Gubbins<\/strong><\/center><center>nievesbalbontin@gmail.com\u00a0<\/center><\/td><td width=\"212\"><center><strong>Cristian\u00a0 Bas Silva<\/strong><\/center><center>bascristian90@icloud.com<\/center><\/td><\/tr><tr><td width=\"212\"><center><strong>Javiera Albornoz\u00a0<\/strong><\/center><center>jalbornozc@udd.cl<\/center><\/td><td width=\"212\"><center><strong>Mois\u00e9s Jadue<\/strong><\/center><center>mjadue.arq@gmail.com<\/center><\/td><td width=\"212\"><center><strong>Javiera Catal\u00e1n<\/strong><\/center><center>javiera.catalanh@gmail.com<\/center><\/td><\/tr><tr><td width=\"212\"><center><strong>Steffano Pruzzo<\/strong><\/center><center>mpruzzog@udd.cl<\/center><\/td><td style=\"text-align: center;\" width=\"212\"><strong style=\"font-family: inherit; font-size: inherit;\">Gabriela Sald\u00edas<\/strong><center>mgsaldiasp@ucentral.com<\/center><\/td><td width=\"212\"><center><strong>Isidora Urz\u00faa<\/strong><\/center><center>iurzua@ardeu.cl<\/center><\/td><\/tr><tr><td width=\"212\"><center><strong>Florencia Maldonado<\/strong><\/center><center>florencia.maldonado@uc.cl<\/center><\/td><td style=\"text-align: center;\" width=\"212\"><strong style=\"font-family: inherit; font-size: inherit;\">Diego Aravena<\/strong><center>diego.arasi@gmail.com<\/center><\/td><td width=\"212\"><center><strong>Cristi\u00e1n B\u00f3rquez<\/strong><\/center><center>proyectos@explorapaisajismo.cl<\/center><\/td><\/tr><tr><td width=\"212\"><center><strong>Macarena Calvo<\/strong><\/center><center>macarenacalvo@gmail.cl<\/center><\/td><td style=\"text-align: center;\" width=\"212\"><strong style=\"font-family: inherit; font-size: inherit;\">Alejandra Bosch<\/strong><center>abosch@uc.com<\/center><\/td><td width=\"212\"><center><strong>Paula Livingtone<\/strong><\/center><center>paula@arquitecturapaisaje.cl<\/center><\/td><\/tr><tr><td width=\"212\"><center><strong>Francisco Allard<\/strong><\/center><center>franciscoallard@allarpartners.cl<\/center><\/td><td style=\"text-align: center;\" width=\"212\"><strong style=\"font-family: inherit; font-size: inherit;\">Nataly Soto<\/strong><center>nataly.soto.p@gmail.com<\/center><\/td><td width=\"212\"><center><strong>Jos\u00e9 Antonio S\u00e1nchez<\/strong><\/center><center>jose.sanchez@uc.cl<\/center><\/td><\/tr><tr><td width=\"212\"><center><strong>Josefina Anguita<\/strong><\/center><center>josefina@ryrarquitectos.cl<\/center><\/td><td style=\"text-align: center;\" width=\"212\"><strong style=\"font-family: inherit; font-size: inherit;\">Jonathan Sandoval<\/strong><center>jcsandoval@uc.cl<\/center><\/td><td width=\"212\"><center><strong>Luna Chiang<\/strong><\/center><center>luna.chiangc@gmail.com<\/center><\/td><\/tr><tr><td width=\"212\"><center><strong>Pablo Pinto<\/strong><br \/>pirexyan@hotmail.com<\/center><\/td><td style=\"text-align: center;\" width=\"212\">\u00a0<\/td><td width=\"212\">\u00a0<\/td><\/tr><\/tbody><\/table>\t\t\t\t\t\t<\/div>\n\t\t\t\t<\/div>\n\t\t\t\t<\/div>\n\t\t<div class=\"elementor-element elementor-element-6494839 e-con-full e-flex e-con e-child\" data-id=\"6494839\" data-element_type=\"container\" data-settings=\"{&quot;content_width&quot;:&quot;full&quot;}\">\n\t\t<div class=\"elementor-element elementor-element-562a389 e-flex e-con-boxed e-con e-child\" data-id=\"562a389\" data-element_type=\"container\" data-settings=\"{&quot;content_width&quot;:&quot;boxed&quot;}\">\n\t\t\t\t\t<div class=\"e-con-inner\">\n\t\t<div class=\"elementor-element elementor-element-8893bd4 e-flex e-con-boxed e-con e-child\" data-id=\"8893bd4\" data-element_type=\"container\" data-settings=\"{&quot;content_width&quot;:&quot;boxed&quot;}\">\n\t\t\t\t\t<div class=\"e-con-inner\">\n\t\t\t\t\t<\/div>\n\t\t\t\t<\/div>\n\t\t\t\t\t<\/div>\n\t\t\t\t<\/div>\n\t\t\t\t<\/div>\n\t\t\t\t<\/div>\n\t\t\t\t<\/div>\n\t\t\t\t<\/div>\n\t\t<div class=\"elementor-element elementor-element-0ea4b24 e-flex e-con-boxed e-con e-parent\" data-id=\"0ea4b24\" data-element_type=\"container\" data-settings=\"{&quot;content_width&quot;:&quot;boxed&quot;}\" data-core-v316-plus=\"true\">\n\t\t\t\t\t<div class=\"e-con-inner\">\n\t\t\t\t<div class=\"elementor-element elementor-element-31a19ca elementor-widget elementor-widget-text-editor\" data-id=\"31a19ca\" data-element_type=\"widget\" data-widget_type=\"text-editor.default\">\n\t\t\t\t<div class=\"elementor-widget-container\">\n\t\t\t\t\t\t\t<p><u><b>SER Socio ICHAP:<\/b><\/u> Instituto Chilenos de Arquitectos Paisajistas.<\/p><p>Ser socio ICHAP significa pertenecer a la red y gremio de arquitectos paisajistas chilenos reconocidos por la Federaci\u00f3n Internacional de Arquitectos del Paisaje (IFLA), por tanto representa integrarse a la comunidad mundial de Arquitectos Paisajistas y de este modo insertarse en la colectividad global de la profesi\u00f3n y tema que es nuestra pasi\u00f3n: el Paisaje.<\/p><p>ICHAP participa a\u00f1o a a\u00f1o de los encuentros regionales y mundiales convocados por IFLA, por tanto est\u00e1 en constante conocimiento de los principales temas del paisaje y la arquitectura del paisaje que comparte IFLA a trav\u00e9s de sus cuatro regiones: Am\u00e9rica, Asia-Pac\u00edfico, \u00c1frica y Europa.<\/p><p>Los boletines informativos de IFLA, son re enviados a todos los socios de ICHAP.<\/p><p>Tambi\u00e9n siendo socio de ICHAP, puedes acceder a la red de contactos profesionales de los arquitectos paisajistas chilenos que ya son socios, como tambi\u00e9n a asociaciones de intereses comunes con quienes mantenemos trabajo conjunto, como por ejemplo en la Alianza Chilena del Paisaje; iniciativa que re\u00fane a ICHAP, ACHIPPA y la Corporaci\u00f3n Patrimonio y Paisaje.<\/p><p>ICHAP tiene su sede en el Colegio de Arquitectos, entidad en donde encuentra diversos espacios de participaci\u00f3n a trav\u00e9s de comisiones y reuniones por temas o coyunturas espec\u00edficas.<\/p>\t\t\t\t\t\t<\/div>\n\t\t\t\t<\/div>\n\t\t\t\t\t<\/div>\n\t\t\t\t<\/div>\n\t\t\t\t\t\t\t<\/div>\n\t\t","protected":false},"excerpt":{"rendered":"<p>Socios\/as Fundadores Marta Alicia Viveros Letelier Teodoro Fern\u00e1ndez Larra\u00f1aga Myriam Beach Hilda Carmona Low Cristina Felsenhardt Rosen Elizabeth Huyghe Rochette Liliana Mar\u00eda Lanata Macchi\u00a0 Alberto Soffia Garc\u00eda de la Huerta Mario P\u00e9rez de Arce Antoncich Juan Crist\u00f3bal Edwards Prado \u00a0 \u00a0 Socio\/as \u00a0 Mar\u00eda Isabel\u00a0 Alonso Fern\u00e1ndez\u00a0todopaisajechile@gmail.com Jes\u00fas\u00a0 Belmontejesusbelmonte1@gmail.com Gabriela\u00a0 Bluhm Mandelbluhm.gabriela@gmail.com Juan Patricio C\u00e1ceres [&hellip;]<\/p>\n","protected":false},"author":2,"featured_media":0,"parent":0,"menu_order":0,"comment_status":"closed","ping_status":"closed","template":"","meta":{"footnotes":""},"class_list":["post-33","page","type-page","status-publish","hentry","entry"],"_links":{"self":[{"href":"https:\/\/ichap.cl\/index.php\/wp-json\/wp\/v2\/pages\/33","targetHints":{"allow":["GET"]}}],"collection":[{"href":"https:\/\/ichap.cl\/index.php\/wp-json\/wp\/v2\/pages"}],"about":[{"href":"https:\/\/ichap.cl\/index.php\/wp-json\/wp\/v2\/types\/page"}],"author":[{"embeddable":true,"href":"https:\/\/ichap.cl\/index.php\/wp-json\/wp\/v2\/users\/2"}],"replies":[{"embeddable":true,"href":"https:\/\/ichap.cl\/index.php\/wp-json\/wp\/v2\/comments?post=33"}],"version-history":[{"count":271,"href":"https:\/\/ichap.cl\/index.php\/wp-json\/wp\/v2\/pages\/33\/revisions"}],"predecessor-version":[{"id":1413,"href":"https:\/\/ichap.cl\/index.php\/wp-json\/wp\/v2\/pages\/33\/revisions\/1413"}],"wp:attachment":[{"href":"https:\/\/ichap.cl\/index.php\/wp-json\/wp\/v2\/media?parent=33"}],"curies":[{"name":"wp","href":"https:\/\/api.w.org\/{rel}","templated":true}]}}