{"id":31,"date":"2023-11-04T14:49:58","date_gmt":"2023-11-04T14:49:58","guid":{"rendered":"https:\/\/ichap.cl\/?page_id=31"},"modified":"2025-04-10T02:35:05","modified_gmt":"2025-04-10T02:35:05","slug":"quienes-somos","status":"publish","type":"page","link":"https:\/\/ichap.cl\/index.php\/quienes-somos\/","title":{"rendered":"Quienes Somos"},"content":{"rendered":"\t\t<div data-elementor-type=\"wp-page\" data-elementor-id=\"31\" class=\"elementor elementor-31\">\n\t\t\t\t\t\t\t<div class=\"elementor-element elementor-element-dba9333 e-flex e-con-boxed e-con e-parent\" data-id=\"dba9333\" data-element_type=\"container\" data-settings=\"{&quot;content_width&quot;:&quot;boxed&quot;}\" data-core-v316-plus=\"true\">\n\t\t\t\t\t<div class=\"e-con-inner\">\n\t\t\t\t<div class=\"elementor-element elementor-element-c35ae86 elementor-widget elementor-widget-heading\" data-id=\"c35ae86\" data-element_type=\"widget\" data-widget_type=\"heading.default\">\n\t\t\t\t<div class=\"elementor-widget-container\">\n\t\t\t<style>\/*! elementor - v3.17.0 - 08-11-2023 *\/\n.elementor-heading-title{padding:0;margin:0;line-height:1}.elementor-widget-heading .elementor-heading-title[class*=elementor-size-]>a{color:inherit;font-size:inherit;line-height:inherit}.elementor-widget-heading .elementor-heading-title.elementor-size-small{font-size:15px}.elementor-widget-heading .elementor-heading-title.elementor-size-medium{font-size:19px}.elementor-widget-heading .elementor-heading-title.elementor-size-large{font-size:29px}.elementor-widget-heading .elementor-heading-title.elementor-size-xl{font-size:39px}.elementor-widget-heading .elementor-heading-title.elementor-size-xxl{font-size:59px}<\/style><h2 class=\"elementor-heading-title elementor-size-default\">Historia de Ichap<\/h2>\t\t<\/div>\n\t\t\t\t<\/div>\n\t\t\t\t\t<\/div>\n\t\t\t\t<\/div>\n\t\t<div class=\"elementor-element elementor-element-cbc0251 e-flex e-con-boxed e-con e-parent\" data-id=\"cbc0251\" data-element_type=\"container\" data-settings=\"{&quot;content_width&quot;:&quot;boxed&quot;}\" data-core-v316-plus=\"true\">\n\t\t\t\t\t<div class=\"e-con-inner\">\n\t\t\t\t<div class=\"elementor-element elementor-element-5a3f185 elementor-widget elementor-widget-text-editor\" data-id=\"5a3f185\" data-element_type=\"widget\" data-widget_type=\"text-editor.default\">\n\t\t\t\t<div class=\"elementor-widget-container\">\n\t\t\t<style>\/*! elementor - v3.17.0 - 08-11-2023 *\/\n.elementor-widget-text-editor.elementor-drop-cap-view-stacked .elementor-drop-cap{background-color:#69727d;color:#fff}.elementor-widget-text-editor.elementor-drop-cap-view-framed .elementor-drop-cap{color:#69727d;border:3px solid;background-color:transparent}.elementor-widget-text-editor:not(.elementor-drop-cap-view-default) .elementor-drop-cap{margin-top:8px}.elementor-widget-text-editor:not(.elementor-drop-cap-view-default) .elementor-drop-cap-letter{width:1em;height:1em}.elementor-widget-text-editor .elementor-drop-cap{float:left;text-align:center;line-height:1;font-size:50px}.elementor-widget-text-editor .elementor-drop-cap-letter{display:inline-block}<\/style>\t\t\t\t<p>La conformaci\u00f3n del Instituto Chileno de Arquitectos Paisajistas (ICHAP) est\u00e1 ligada al inicio de la \u00a0carrera de Dise\u00f1o del Paisaje junto con la necesidad de promover la profesi\u00f3n la cual surge en nuestro pa\u00eds hacia fines de los a\u00f1os 1960 en algunos Institutos profesionales y en la Universidad de Chile, liderada por Carlos Martner junto a un equipo de diversos docentes entre ellos; Marta Viveros y Esmee Cromie, al alero de la Facultad de Arquitectura de dicha Universidad.<\/p><p>Posteriormente en los a\u00f1os 80, la ense\u00f1anza de la Arquitectura del Paisaje a nivel universitario se comienza a impartir en algunas Escuelas de Arquitectura, incluyendo la formaci\u00f3n de arquitectos dedicados al dise\u00f1o del espacio p\u00fablico que forman parte de un plan de estudios centrado en un enfoque urbano.<\/p><p>Hacia el a\u00f1o 1983 La Federaci\u00f3n Internacional de Arquitectos Paisajistas IFLA, invita a Marta Viveros a integrarse a la Asociaci\u00f3n con el compromiso de conformar un grupo chileno de profesionales del \u00e1rea.<\/p>\t\t\t\t\t\t<\/div>\n\t\t\t\t<\/div>\n\t\t\t\t\t<\/div>\n\t\t\t\t<\/div>\n\t\t<div class=\"elementor-element elementor-element-98db49c e-flex e-con-boxed e-con e-parent\" data-id=\"98db49c\" data-element_type=\"container\" data-settings=\"{&quot;content_width&quot;:&quot;boxed&quot;}\" data-core-v316-plus=\"true\">\n\t\t\t\t\t<div class=\"e-con-inner\">\n\t\t<div class=\"elementor-element elementor-element-324c45e e-con-full e-flex e-con e-child\" data-id=\"324c45e\" data-element_type=\"container\" data-settings=\"{&quot;content_width&quot;:&quot;full&quot;}\">\n\t\t\t\t<div class=\"elementor-element elementor-element-8e7dd93 elementor-widget elementor-widget-text-editor\" data-id=\"8e7dd93\" data-element_type=\"widget\" data-widget_type=\"text-editor.default\">\n\t\t\t\t<div class=\"elementor-widget-container\">\n\t\t\t\t\t\t\t<p>IFLA solicit\u00f3 que se formalizaran los estudios de Paisajismo asociados a una Universidad reconocida por el Estado. Surge entonces el Post\u00edtulo de Arquitectura y Manejo del Paisaje de la Universidad Cat\u00f3lica, a la que le sigue la Universidad de Chile. En paralelo comienzan a organizarse un grupo de profesionales con formaci\u00f3n principalmente de arquitectos, algunos con estudios de posgrado, para crear el Instituto Chileno de Arquitectos del Paisaje ICHAP, fundado el 26 de enero de 1989, con 13 miembros.<\/p><p>SOCIOS FUNDADORES<\/p><ul><li>Myriam Beach Lobos<\/li><li>Hilda Carmona Low<\/li><li>Cristina Felsenhartd Rosen<\/li><li>Elizabeth Huyghe Rochette<\/li><li>Liliana Lanata Macchi<\/li><li>Ram\u00f3n M\u00e9ndez Brignardello<\/li><li>Rosario Noguera Eche\u00f1ique<\/li><li>Mario P\u00e9rez de Arce Lav\u00edn<\/li><li>Mario P\u00e9rez de Arce Antoncich<\/li><li>Juan Crist\u00f3bal Edwards Prado<\/li><li>Alberto Soffia Garc\u00eda de La Huerta<\/li><li>Hern\u00e1n Montealegre Klenner<\/li><li>Marta Viveros Letelier<\/li><\/ul>\t\t\t\t\t\t<\/div>\n\t\t\t\t<\/div>\n\t\t\t\t<\/div>\n\t\t<div class=\"elementor-element elementor-element-3bf8eb2 e-con-full e-flex e-con e-child\" data-id=\"3bf8eb2\" data-element_type=\"container\" data-settings=\"{&quot;content_width&quot;:&quot;full&quot;}\">\n\t\t\t\t<div class=\"elementor-element elementor-element-e076fac elementor-widget elementor-widget-image\" data-id=\"e076fac\" data-element_type=\"widget\" data-widget_type=\"image.default\">\n\t\t\t\t<div class=\"elementor-widget-container\">\n\t\t\t<style>\/*! elementor - v3.17.0 - 08-11-2023 *\/\n.elementor-widget-image{text-align:center}.elementor-widget-image a{display:inline-block}.elementor-widget-image a img[src$=\".svg\"]{width:48px}.elementor-widget-image img{vertical-align:middle;display:inline-block}<\/style>\t\t\t\t\t\t\t\t\t\t\t\t<img fetchpriority=\"high\" decoding=\"async\" width=\"337\" height=\"543\" src=\"https:\/\/ichap.cl\/wp-content\/uploads\/2023\/11\/Sin-titulo-1-1.png\" class=\"attachment-large size-large wp-image-834\" alt=\"\" srcset=\"https:\/\/ichap.cl\/wp-content\/uploads\/2023\/11\/Sin-titulo-1-1.png 337w, https:\/\/ichap.cl\/wp-content\/uploads\/2023\/11\/Sin-titulo-1-1-186x300.png 186w\" sizes=\"(max-width: 337px) 100vw, 337px\" \/>\t\t\t\t\t\t\t\t\t\t\t\t\t\t\t<\/div>\n\t\t\t\t<\/div>\n\t\t\t\t<\/div>\n\t\t\t\t\t<\/div>\n\t\t\t\t<\/div>\n\t\t<div class=\"elementor-element elementor-element-8689ec3 e-flex e-con-boxed e-con e-parent\" data-id=\"8689ec3\" data-element_type=\"container\" data-settings=\"{&quot;content_width&quot;:&quot;boxed&quot;}\" data-core-v316-plus=\"true\">\n\t\t\t\t\t<div class=\"e-con-inner\">\n\t\t\t\t<div class=\"elementor-element elementor-element-edb4ee7 elementor-widget elementor-widget-text-editor\" data-id=\"edb4ee7\" data-element_type=\"widget\" data-widget_type=\"text-editor.default\">\n\t\t\t\t<div class=\"elementor-widget-container\">\n\t\t\t\t\t\t\t<p>Partiendo el actual milenio ICHAP abre sus puertas a profesionales afines tales como; arquitectos, arquitectos del paisaje, dise\u00f1adores del paisaje, agr\u00f3nomos, u otros que tengan formaci\u00f3n y desarrollo en el \u00e1mbito del paisaje, integrando a profesionales con trayectoria y estudiantes del \u00e1rea.<\/p><p>Los desaf\u00edos que plantea el cambio clim\u00e1tico nos abren nuevos retos a los y las Arquitectos del Paisaje tanto en Chile como a nivel global que esperamos acompa\u00f1ar para proteger la biodiversidad, desarrollar proyectos en soluciones basadas en la naturaleza, promover ciudades con espacios m\u00e1s sustentables y la valoraci\u00f3n de nuestros paisajes, con su flora y fauna.<\/p>\t\t\t\t\t\t<\/div>\n\t\t\t\t<\/div>\n\t\t\t\t\t<\/div>\n\t\t\t\t<\/div>\n\t\t<div class=\"elementor-element elementor-element-26fa43d e-flex e-con-boxed e-con e-parent\" data-id=\"26fa43d\" data-element_type=\"container\" data-settings=\"{&quot;content_width&quot;:&quot;boxed&quot;}\" data-core-v316-plus=\"true\">\n\t\t\t\t\t<div class=\"e-con-inner\">\n\t\t<div class=\"elementor-element elementor-element-d78560f e-con-full e-flex e-con e-child\" data-id=\"d78560f\" data-element_type=\"container\" data-settings=\"{&quot;content_width&quot;:&quot;full&quot;}\">\n\t\t\t\t<div class=\"elementor-element elementor-element-9c7d80a elementor-widget elementor-widget-text-editor\" data-id=\"9c7d80a\" data-element_type=\"widget\" data-widget_type=\"text-editor.default\">\n\t\t\t\t<div class=\"elementor-widget-container\">\n\t\t\t\t\t\t\t<p><strong>PRESIDENTES DE ICHAP EN EL TIEMPO:<\/strong><\/p><ul><li>Marta Viveros<\/li><li>Elizabeth Houyghe<\/li><li>Mario P\u00e9rez de Arce Lav\u00edn<\/li><li>Cristina Felsenhardt<\/li><li>Carla Ruttimann<\/li><li>Juanita Zunino<\/li><li>Fulvio Rosetti<\/li><li>Claudia O\u00f1ate<\/li><li>Ricardo Riveros<\/li><li>Juan Patricio C\u00e1ceres<\/li><li>Pilar Lozano<\/li><\/ul>\t\t\t\t\t\t<\/div>\n\t\t\t\t<\/div>\n\t\t\t\t<\/div>\n\t\t<div class=\"elementor-element elementor-element-5bf47d5 e-con-full e-flex e-con e-child\" data-id=\"5bf47d5\" data-element_type=\"container\" data-settings=\"{&quot;content_width&quot;:&quot;full&quot;}\">\n\t\t\t\t<div class=\"elementor-element elementor-element-50b403a elementor-widget elementor-widget-text-editor\" data-id=\"50b403a\" data-element_type=\"widget\" data-widget_type=\"text-editor.default\">\n\t\t\t\t<div class=\"elementor-widget-container\">\n\t\t\t\t\t\t\t<p><strong>Directiva 2023-2025\u00a0 \/ 2025 &#8211; 2027<\/strong><\/p><p><strong>PRESIDENTA:<\/strong> Pilar Lozano<\/p><p><strong>VICE PRESIDENTA:<\/strong>\u00a0Alejandra Bosch<\/p><p><strong>TESORERA :<\/strong> Gabriela Mu\u00f1oz<\/p><p>\u00a0<strong>SECRETARIA :<\/strong> Mar\u00eda Teresa de la Barra<\/p><p><strong>DIRECTORA DE COMUNICACIONES:<\/strong> Magdalena Barros<\/p><p><strong>DELEGADA ICHAP ANTE IFLA:<\/strong> Claudia O\u00f1ate \u00a0<\/p><p><b>DELEGADO REGIONAL: <\/b>Cristian B\u00f3rquez<\/p>\t\t\t\t\t\t<\/div>\n\t\t\t\t<\/div>\n\t\t\t\t<\/div>\n\t\t\t\t\t<\/div>\n\t\t\t\t<\/div>\n\t\t<div class=\"elementor-element elementor-element-7411a41 e-flex e-con-boxed e-con e-parent\" data-id=\"7411a41\" data-element_type=\"container\" data-settings=\"{&quot;content_width&quot;:&quot;boxed&quot;}\" data-core-v316-plus=\"true\">\n\t\t\t\t\t<div class=\"e-con-inner\">\n\t\t\t\t<div class=\"elementor-element elementor-element-0fc2e58 elementor-widget elementor-widget-text-editor\" data-id=\"0fc2e58\" data-element_type=\"widget\" data-widget_type=\"text-editor.default\">\n\t\t\t\t<div class=\"elementor-widget-container\">\n\t\t\t\t\t\t\t<p>Nuestros objetivos para este per\u00edodo son; <strong>avanzar en el posicionamiento de la Arquitectura del Paisaje en Chile, mostrando a la comunidad nuestro hermoso quehacer, con proyectos sostenibles en el territorio, que mejoren la calidad de vida y que aporten a la mitigaci\u00f3n del cambio clim\u00e1tico.<\/strong><\/p>\t\t\t\t\t\t<\/div>\n\t\t\t\t<\/div>\n\t\t\t\t\t<\/div>\n\t\t\t\t<\/div>\n\t\t\t\t\t\t\t<\/div>\n\t\t","protected":false},"excerpt":{"rendered":"<p>Historia de Ichap La conformaci\u00f3n del Instituto Chileno de Arquitectos Paisajistas (ICHAP) est\u00e1 ligada al inicio de la \u00a0carrera de Dise\u00f1o del Paisaje junto con la necesidad de promover la profesi\u00f3n la cual surge en nuestro pa\u00eds hacia fines de los a\u00f1os 1960 en algunos Institutos profesionales y en la Universidad de Chile, liderada por [&hellip;]<\/p>\n","protected":false},"author":2,"featured_media":0,"parent":0,"menu_order":0,"comment_status":"closed","ping_status":"closed","template":"","meta":{"footnotes":""},"class_list":["post-31","page","type-page","status-publish","hentry","entry"],"_links":{"self":[{"href":"https:\/\/ichap.cl\/index.php\/wp-json\/wp\/v2\/pages\/31","targetHints":{"allow":["GET"]}}],"collection":[{"href":"https:\/\/ichap.cl\/index.php\/wp-json\/wp\/v2\/pages"}],"about":[{"href":"https:\/\/ichap.cl\/index.php\/wp-json\/wp\/v2\/types\/page"}],"author":[{"embeddable":true,"href":"https:\/\/ichap.cl\/index.php\/wp-json\/wp\/v2\/users\/2"}],"replies":[{"embeddable":true,"href":"https:\/\/ichap.cl\/index.php\/wp-json\/wp\/v2\/comments?post=31"}],"version-history":[{"count":91,"href":"https:\/\/ichap.cl\/index.php\/wp-json\/wp\/v2\/pages\/31\/revisions"}],"predecessor-version":[{"id":1394,"href":"https:\/\/ichap.cl\/index.php\/wp-json\/wp\/v2\/pages\/31\/revisions\/1394"}],"wp:attachment":[{"href":"https:\/\/ichap.cl\/index.php\/wp-json\/wp\/v2\/media?parent=31"}],"curies":[{"name":"wp","href":"https:\/\/api.w.org\/{rel}","templated":true}]}}